{"id":7980,"date":"2024-11-22T07:50:55","date_gmt":"2024-11-22T07:50:55","guid":{"rendered":"https:\/\/asiacarb.com\/?page_id=7980"},"modified":"2025-11-10T12:40:15","modified_gmt":"2025-11-10T12:40:15","slug":"contact-us","status":"publish","type":"page","link":"https:\/\/asiacarb.com\/es\/contact-us\/","title":{"rendered":"Contacta"},"content":{"rendered":"<div data-elementor-type=\"wp-page\" data-elementor-id=\"7980\" class=\"elementor elementor-7980\" data-elementor-post-type=\"page\">\n\t\t\t\t\t\t<section data-particle_enable=\"false\" data-particle-mobile-disabled=\"false\" class=\"elementor-section elementor-top-section elementor-element elementor-element-c7fb581 elementor-section-content-middle elementor-section-boxed elementor-section-height-default elementor-section-height-default qodef-elementor-content-no\" data-id=\"c7fb581\" data-element_type=\"section\" data-e-type=\"section\" data-settings=\"{&quot;background_background&quot;:&quot;classic&quot;,&quot;ekit_has_onepagescroll_dot&quot;:&quot;yes&quot;}\">\n\t\t\t\t\t\t\t<div class=\"elementor-background-overlay\"><\/div>\n\t\t\t\t\t\t\t<div class=\"elementor-container elementor-column-gap-no\">\n\t\t\t\t\t<div class=\"elementor-column elementor-col-100 elementor-top-column elementor-element elementor-element-97668c7\" data-id=\"97668c7\" data-element_type=\"column\" data-e-type=\"column\">\n\t\t\t<div class=\"elementor-widget-wrap elementor-element-populated\">\n\t\t\t\t\t\t<div class=\"elementor-element elementor-element-71781c4 elementor-widget elementor-widget-heading\" data-id=\"71781c4\" data-element_type=\"widget\" data-e-type=\"widget\" data-settings=\"{&quot;ekit_we_effect_on&quot;:&quot;none&quot;}\" data-widget_type=\"heading.default\">\n\t\t\t\t<div class=\"elementor-widget-container\">\n\t\t\t\t\t<h1 class=\"elementor-heading-title elementor-size-default\">Contacta<\/h1>\t\t\t\t<\/div>\n\t\t\t\t<\/div>\n\t\t\t\t<div class=\"elementor-element elementor-element-ea92681 elementor-widget elementor-widget-heading\" data-id=\"ea92681\" data-element_type=\"widget\" data-e-type=\"widget\" data-settings=\"{&quot;ekit_we_effect_on&quot;:&quot;none&quot;}\" data-widget_type=\"heading.default\">\n\t\t\t\t<div class=\"elementor-widget-container\">\n\t\t\t\t\t<h2 class=\"elementor-heading-title elementor-size-default\">Comprometidos a brindar a nuestros clientes servicios excepcionales.<\/h2>\t\t\t\t<\/div>\n\t\t\t\t<\/div>\n\t\t\t\t\t<\/div>\n\t\t<\/div>\n\t\t\t\t\t<\/div>\n\t\t<\/section>\n\t\t<div data-particle_enable=\"false\" data-particle-mobile-disabled=\"false\" class=\"elementor-element elementor-element-ae40953 e-con-full e-flex e-con e-parent\" data-id=\"ae40953\" data-element_type=\"container\" data-e-type=\"container\" data-settings=\"{&quot;ekit_has_onepagescroll_dot&quot;:&quot;yes&quot;}\">\n\t\t\t\t<div class=\"elementor-element elementor-element-c7f620b elementor-widget elementor-widget-shortcode\" data-id=\"c7f620b\" data-element_type=\"widget\" data-e-type=\"widget\" data-settings=\"{&quot;ekit_we_effect_on&quot;:&quot;none&quot;}\" data-widget_type=\"shortcode.default\">\n\t\t\t\t<div class=\"elementor-widget-container\">\n\t\t\t\t\t\t\t<div class=\"elementor-shortcode\"><iframe src=\"https:\/\/www.google.com\/maps\/embed?pb=!1m18!1m12!1m3!1d108624.9349010441!2d119.83545106664074!3d31.701435712138775!2m3!1f0!2f0!3f0!3m2!1i1024!2i768!4f13.1!3m3!1m2!1s0x35b46dbd24a9b71b%3A0x7546abc2f07c0eba!2sWanda%20Plaza!5e0!3m2!1sen!2sin!4v1737007707494!5m2!1sen!2sin\" width=\"600\" height=\"450\" style=\"border:0;\" allowfullscreen=\"\" loading=\"lazy\" referrerpolicy=\"no-referrer-when-downgrade\"><\/iframe><\/div>\n\t\t\t\t\t\t<\/div>\n\t\t\t\t<\/div>\n\t\t\t\t<\/div>\n\t\t\t\t<section data-particle_enable=\"false\" data-particle-mobile-disabled=\"false\" class=\"elementor-section elementor-top-section elementor-element elementor-element-9f76ccd qodef-elementor-content-grid elementor-section-boxed elementor-section-height-default elementor-section-height-default\" data-id=\"9f76ccd\" data-element_type=\"section\" data-e-type=\"section\" data-settings=\"{&quot;background_background&quot;:&quot;classic&quot;,&quot;ekit_has_onepagescroll_dot&quot;:&quot;yes&quot;}\">\n\t\t\t\t\t\t<div class=\"elementor-container elementor-column-gap-default\">\n\t\t\t\t\t<div class=\"elementor-column elementor-col-50 elementor-top-column elementor-element elementor-element-d1aa3b6\" data-id=\"d1aa3b6\" data-element_type=\"column\" data-e-type=\"column\" data-settings=\"{&quot;background_background&quot;:&quot;classic&quot;}\">\n\t\t\t<div class=\"elementor-widget-wrap elementor-element-populated\">\n\t\t\t\t\t\t<div class=\"elementor-element elementor-element-915ae60 elementor-widget elementor-widget-stal_core_section_title\" data-id=\"915ae60\" data-element_type=\"widget\" data-e-type=\"widget\" data-settings=\"{&quot;ekit_we_effect_on&quot;:&quot;none&quot;}\" data-widget_type=\"stal_core_section_title.default\">\n\t\t\t\t<div class=\"elementor-widget-container\">\n\t\t\t\t\t<div class=\"qodef-shortcode qodef-m  qodef-section-title qodef-alignment--left\">\n\t\t<div class=\"qodef-m-title-wrap\">\n\t\t<h2 class=\"qodef-m-title\" >\n\t\t\t\t\tPonte en contacto\t\t\t<\/h2>\n\t\n\t<\/div>\n\t<\/div>\t\t\t\t<\/div>\n\t\t\t\t<\/div>\n\t\t\t\t<div class=\"elementor-element elementor-element-a021881 elementor-widget elementor-widget-text-editor\" data-id=\"a021881\" data-element_type=\"widget\" data-e-type=\"widget\" data-settings=\"{&quot;ekit_we_effect_on&quot;:&quot;none&quot;}\" data-widget_type=\"text-editor.default\">\n\t\t\t\t<div class=\"elementor-widget-container\">\n\t\t\t\t\t\t\t\t\t<p>Si desea realizar un pedido personalizado de nuestro carb\u00f3n activado de alta calidad, p\u00f3ngase en contacto con nosotros a trav\u00e9s del formulario de contacto y nos comunicaremos con usted lo antes posible.<\/p>\t\t\t\t\t\t\t\t<\/div>\n\t\t\t\t<\/div>\n\t\t\t\t<div class=\"elementor-element elementor-element-91561ee elementor-widget elementor-widget-text-editor\" data-id=\"91561ee\" data-element_type=\"widget\" data-e-type=\"widget\" data-settings=\"{&quot;ekit_we_effect_on&quot;:&quot;none&quot;}\" data-widget_type=\"text-editor.default\">\n\t\t\t\t<div class=\"elementor-widget-container\">\n\t\t\t\t\t\t\t\t\t<p>Alternativamente, ll\u00e1menos al +86-0519-85566970 y estaremos encantados de analizar sus necesidades de carb\u00f3n activado y ofrecerle consejos \u00fatiles sobre los tipos de productos que podemos suministrar.<\/p>\t\t\t\t\t\t\t\t<\/div>\n\t\t\t\t<\/div>\n\t\t\t\t\t<\/div>\n\t\t<\/div>\n\t\t\t\t<div class=\"elementor-column elementor-col-50 elementor-top-column elementor-element elementor-element-e2eaf4a\" data-id=\"e2eaf4a\" data-element_type=\"column\" data-e-type=\"column\" data-settings=\"{&quot;background_background&quot;:&quot;classic&quot;}\">\n\t\t\t<div class=\"elementor-widget-wrap elementor-element-populated\">\n\t\t\t\t\t\t<div class=\"elementor-element elementor-element-2ff04e2 elementor-widget elementor-widget-wp-widget-stal_core_contact_form_7\" data-id=\"2ff04e2\" data-element_type=\"widget\" data-e-type=\"widget\" data-settings=\"{&quot;ekit_we_effect_on&quot;:&quot;none&quot;}\" data-widget_type=\"wp-widget-stal_core_contact_form_7.default\">\n\t\t\t\t<div class=\"elementor-widget-container\">\n\t\t\t\t\t\t\t\t<div class=\"qodef-contact-form-7\">\n\t\t\t\t\n<div class=\"wpcf7 no-js\" id=\"wpcf7-f131-o1\" lang=\"en-US\" dir=\"ltr\" data-wpcf7-id=\"131\">\n<div class=\"screen-reader-response\"><p role=\"status\" aria-live=\"polite\" aria-atomic=\"true\"><\/p> <ul><\/ul><\/div>\n<form action=\"\/es\/wp-json\/wp\/v2\/pages\/7980#wpcf7-f131-o1\" method=\"post\" class=\"wpcf7-form init\" aria-label=\"Contact form\" novalidate=\"novalidate\" data-status=\"init\" data-trp-original-action=\"\/es\/wp-json\/wp\/v2\/pages\/7980#wpcf7-f131-o1\">\n<fieldset class=\"hidden-fields-container\"><input type=\"hidden\" name=\"_wpcf7\" value=\"131\" \/><input type=\"hidden\" name=\"_wpcf7_version\" value=\"6.1.3\" \/><input type=\"hidden\" name=\"_wpcf7_locale\" value=\"en_US\" \/><input type=\"hidden\" name=\"_wpcf7_unit_tag\" value=\"wpcf7-f131-o1\" \/><input type=\"hidden\" name=\"_wpcf7_container_post\" value=\"0\" \/><input type=\"hidden\" name=\"_wpcf7_posted_data_hash\" value=\"\" \/><input type=\"hidden\" name=\"_wpcf7_recaptcha_response\" value=\"\" \/>\n<\/fieldset>\n<span class=\"wpcf7-form-control-wrap\" data-name=\"your-name\"><input size=\"40\" maxlength=\"400\" class=\"wpcf7-form-control wpcf7-text wpcf7-validates-as-required\" aria-required=\"true\" aria-invalid=\"false\" placeholder=\"YOUR NAME\" value=\"\" type=\"text\" name=\"your-name\" \/><\/span> <span class=\"wpcf7-form-control-wrap\" data-name=\"your-email\"><input size=\"40\" maxlength=\"400\" class=\"wpcf7-form-control wpcf7-email wpcf7-validates-as-required wpcf7-text wpcf7-validates-as-email\" aria-required=\"true\" aria-invalid=\"false\" placeholder=\"E-MAIL\" value=\"\" type=\"email\" name=\"your-email\" \/><\/span> <span class=\"wpcf7-form-control-wrap\" data-name=\"your-message\"><textarea cols=\"40\" rows=\"1\" maxlength=\"2000\" class=\"wpcf7-form-control wpcf7-textarea\" aria-invalid=\"false\" placeholder=\"WRITE HERE\" name=\"your-message\"><\/textarea><\/span>\" <span class=\"wpcf7-form-control-wrap recaptcha\" data-name=\"recaptcha\"><span data-sitekey=\"6Ld05LcqAAAAAN6xEmaRyOaUHDFXVD5J8IQIy3Ft\" class=\"wpcf7-form-control wpcf7-recaptcha g-recaptcha\"><\/span>\r\n<noscript>\r\n\t<div class=\"grecaptcha-noscript\">\r\n\t\t<iframe src=\"https:\/\/www.google.com\/recaptcha\/api\/fallback?k=6Ld05LcqAAAAAN6xEmaRyOaUHDFXVD5J8IQIy3Ft\" frameborder=\"0\" scrolling=\"no\" width=\"310\" height=\"430\">\r\n\t\t<\/iframe>\r\n\t\t<textarea name=\"g-recaptcha-response\" rows=\"3\" cols=\"40\" placeholder=\"reCaptcha Response Here\">\r\n\t\t<\/textarea>\r\n\t<\/div>\r\n<\/noscript>\r\n<\/span><button class=\"wpcf7-form-control wpcf7-submit qodef-button qodef-size--normal qodef-layout--splitted qodef-m\" type=\"submit\"><span class=\"qodef-m-text\">Send<svg class=\"qodef-m-arrowline\" xmlns=\"http:\/\/www.w3.org\/2000\/svg\" xmlns:xlink=\"http:\/\/www.w3.org\/1999\/xlink\" x=\"0px\" y=\"0px\" viewbox=\"0 0 63 20\" xml:space=\"preserve\">\n                            <line x1=\"61.6\" y1=\"10\" x2=\"61.6\" y2=\"10\"\/>\n                            <line x1=\"62\" y1=\"10\" x2=\"61.6\" y2=\"10\"\/>\n                            <line x1=\"61.6\" y1=\"10\" x2=\"1\" y2=\"10\"\/>\n                            <path d=\"M61.6,10\"\/>\n                            <line x1=\"61.6\" y1=\"10\" x2=\"61.6\" y2=\"10\"\/>\n                            <line class=\"arrow-up\" x1=\"56.7\" y1=\"5.1\" x2=\"61.6\" y2=\"10\"\/>\n                            <path d=\"M61.6,10\"\/>\n                            <line x1=\"61.6\" y1=\"10\" x2=\"61.6\" y2=\"10\"\/>\n                            <line class=\"arrow-down\" x1=\"61.6\" y1=\"10\" x2=\"56.7\" y2=\"14.9\"\/>\n                        <\/svg><\/span><span class=\"qodef-m-split qodef-split--up\"><\/span><span class=\"qodef-m-split qodef-split--down\"><\/span><\/button><div class=\"wpcf7-response-output\" aria-hidden=\"true\"><\/div>\n<input type=\"hidden\" name=\"trp-form-language\" value=\"es\"\/><\/form>\n<\/div>\n\t\t\t<\/div>\n\t\t\t\t\t\t\t<\/div>\n\t\t\t\t<\/div>\n\t\t\t\t\t<\/div>\n\t\t<\/div>\n\t\t\t\t\t<\/div>\n\t\t<\/section>\n\t\t\t\t<\/div>","protected":false},"excerpt":{"rendered":"<p>Contact Us Committed to provide our customers with exceptional services Get in touch If you\u2019d like to place a bespoke order for our high-quality activated carbon, get in touch with us via the contact form and we\u2019ll get back to you as soon as possible. Alternatively, give us a call on +86-0519-85566970 and we\u2019ll be [&hellip;]<\/p>\n","protected":false},"author":1,"featured_media":0,"parent":0,"menu_order":0,"comment_status":"closed","ping_status":"closed","template":"page-full-width.php","meta":{"two_page_speed":[],"footnotes":""},"class_list":["post-7980","page","type-page","status-publish","hentry"],"yoast_head":"<!-- This site is optimized with the Yoast SEO plugin v27.5 - https:\/\/yoast.com\/product\/yoast-seo-wordpress\/ -->\n<title>Contact Us - Asia Carb<\/title>\n<meta name=\"description\" content=\"Contact us to Asiacarb for custom orders of high-quality activated carbon. Contact us via form or call +86-0519-85566970 for tailored product solutions and advice.\" \/>\n<meta name=\"robots\" content=\"index, follow, max-snippet:-1, max-image-preview:large, max-video-preview:-1\" \/>\n<link rel=\"canonical\" href=\"https:\/\/asiacarb.com\/es\/contact-us\/\" \/>\n<meta property=\"og:locale\" content=\"es_ES\" \/>\n<meta property=\"og:type\" content=\"article\" \/>\n<meta property=\"og:title\" content=\"Contact Us - Asia Carb\" \/>\n<meta property=\"og:description\" content=\"Contact us to Asiacarb for custom orders of high-quality activated carbon. Contact us via form or call +86-0519-85566970 for tailored product solutions and advice.\" \/>\n<meta property=\"og:url\" content=\"https:\/\/asiacarb.com\/es\/contact-us\/\" \/>\n<meta property=\"og:site_name\" content=\"Asia Carb\" \/>\n<meta property=\"article:modified_time\" content=\"2025-11-10T12:40:15+00:00\" \/>\n<meta property=\"og:image\" content=\"https:\/\/asiacarb.com\/wp-content\/uploads\/2023\/10\/asiacarb-logo-e1696643249300.png\" \/>\n\t<meta property=\"og:image:width\" content=\"827\" \/>\n\t<meta property=\"og:image:height\" content=\"239\" \/>\n\t<meta property=\"og:image:type\" content=\"image\/png\" \/>\n<meta name=\"twitter:card\" content=\"summary_large_image\" \/>\n<meta name=\"twitter:title\" content=\"Contact Us - Asia Carb\" \/>\n<meta name=\"twitter:description\" content=\"Contact us to Asiacarb for custom orders of high-quality activated carbon. Contact us via form or call +86-0519-85566970 for tailored product solutions and advice.\" \/>\n<meta name=\"twitter:image\" content=\"https:\/\/asiacarb.com\/wp-content\/uploads\/2023\/10\/asiacarb-logo-e1696643249300.png\" \/>\n<meta name=\"twitter:label1\" content=\"Tiempo de lectura\" \/>\n\t<meta name=\"twitter:data1\" content=\"1 minuto\" \/>\n<script type=\"application\/ld+json\" class=\"yoast-schema-graph\">{\"@context\":\"https:\\\/\\\/schema.org\",\"@graph\":[{\"@type\":\"WebPage\",\"@id\":\"https:\\\/\\\/asiacarb.com\\\/contact-us\\\/\",\"url\":\"https:\\\/\\\/asiacarb.com\\\/contact-us\\\/\",\"name\":\"Contact Us - Asia Carb\",\"isPartOf\":{\"@id\":\"https:\\\/\\\/asiacarb.com\\\/#website\"},\"datePublished\":\"2024-11-22T07:50:55+00:00\",\"dateModified\":\"2025-11-10T12:40:15+00:00\",\"description\":\"Contact us to Asiacarb for custom orders of high-quality activated carbon. Contact us via form or call +86-0519-85566970 for tailored product solutions and advice.\",\"breadcrumb\":{\"@id\":\"https:\\\/\\\/asiacarb.com\\\/contact-us\\\/#breadcrumb\"},\"inLanguage\":\"es\",\"potentialAction\":[{\"@type\":\"ReadAction\",\"target\":[\"https:\\\/\\\/asiacarb.com\\\/contact-us\\\/\"]}]},{\"@type\":\"BreadcrumbList\",\"@id\":\"https:\\\/\\\/asiacarb.com\\\/contact-us\\\/#breadcrumb\",\"itemListElement\":[{\"@type\":\"ListItem\",\"position\":1,\"name\":\"Home\",\"item\":\"https:\\\/\\\/asiacarb.com\\\/\"},{\"@type\":\"ListItem\",\"position\":2,\"name\":\"Contact Us\"}]},{\"@type\":\"WebSite\",\"@id\":\"https:\\\/\\\/asiacarb.com\\\/#website\",\"url\":\"https:\\\/\\\/asiacarb.com\\\/\",\"name\":\"Asia Carb\",\"description\":\"A Trusted Name in the Activated Carbon Industry\",\"publisher\":{\"@id\":\"https:\\\/\\\/asiacarb.com\\\/#organization\"},\"potentialAction\":[{\"@type\":\"SearchAction\",\"target\":{\"@type\":\"EntryPoint\",\"urlTemplate\":\"https:\\\/\\\/asiacarb.com\\\/?s={search_term_string}\"},\"query-input\":{\"@type\":\"PropertyValueSpecification\",\"valueRequired\":true,\"valueName\":\"search_term_string\"}}],\"inLanguage\":\"es\"},{\"@type\":\"Organization\",\"@id\":\"https:\\\/\\\/asiacarb.com\\\/#organization\",\"name\":\"Asia Carb\",\"url\":\"https:\\\/\\\/asiacarb.com\\\/\",\"logo\":{\"@type\":\"ImageObject\",\"inLanguage\":\"es\",\"@id\":\"https:\\\/\\\/asiacarb.com\\\/#\\\/schema\\\/logo\\\/image\\\/\",\"url\":\"https:\\\/\\\/asiacarb.com\\\/wp-content\\\/uploads\\\/2023\\\/10\\\/asiacarb-logo-e1696643249300.png\",\"contentUrl\":\"https:\\\/\\\/asiacarb.com\\\/wp-content\\\/uploads\\\/2023\\\/10\\\/asiacarb-logo-e1696643249300.png\",\"width\":827,\"height\":239,\"caption\":\"Asia Carb\"},\"image\":{\"@id\":\"https:\\\/\\\/asiacarb.com\\\/#\\\/schema\\\/logo\\\/image\\\/\"}}]}<\/script>\n<!-- \/ Yoast SEO plugin. -->","yoast_head_json":{"title":"Contact Us - Asia Carb","description":"Contact us to Asiacarb for custom orders of high-quality activated carbon. Contact us via form or call +86-0519-85566970 for tailored product solutions and advice.","robots":{"index":"index","follow":"follow","max-snippet":"max-snippet:-1","max-image-preview":"max-image-preview:large","max-video-preview":"max-video-preview:-1"},"canonical":"https:\/\/asiacarb.com\/es\/contact-us\/","og_locale":"es_ES","og_type":"article","og_title":"Contact Us - Asia Carb","og_description":"Contact us to Asiacarb for custom orders of high-quality activated carbon. Contact us via form or call +86-0519-85566970 for tailored product solutions and advice.","og_url":"https:\/\/asiacarb.com\/es\/contact-us\/","og_site_name":"Asia Carb","article_modified_time":"2025-11-10T12:40:15+00:00","og_image":[{"width":827,"height":239,"url":"https:\/\/asiacarb.com\/wp-content\/uploads\/2023\/10\/asiacarb-logo-e1696643249300.png","type":"image\/png"}],"twitter_card":"summary_large_image","twitter_title":"Contact Us - Asia Carb","twitter_description":"Contact us to Asiacarb for custom orders of high-quality activated carbon. Contact us via form or call +86-0519-85566970 for tailored product solutions and advice.","twitter_image":"https:\/\/asiacarb.com\/wp-content\/uploads\/2023\/10\/asiacarb-logo-e1696643249300.png","twitter_misc":{"Tiempo de lectura":"1 minuto"},"schema":{"@context":"https:\/\/schema.org","@graph":[{"@type":"WebPage","@id":"https:\/\/asiacarb.com\/contact-us\/","url":"https:\/\/asiacarb.com\/contact-us\/","name":"Contact Us - Asia Carb","isPartOf":{"@id":"https:\/\/asiacarb.com\/#website"},"datePublished":"2024-11-22T07:50:55+00:00","dateModified":"2025-11-10T12:40:15+00:00","description":"Contact us to Asiacarb for custom orders of high-quality activated carbon. Contact us via form or call +86-0519-85566970 for tailored product solutions and advice.","breadcrumb":{"@id":"https:\/\/asiacarb.com\/contact-us\/#breadcrumb"},"inLanguage":"es","potentialAction":[{"@type":"ReadAction","target":["https:\/\/asiacarb.com\/contact-us\/"]}]},{"@type":"BreadcrumbList","@id":"https:\/\/asiacarb.com\/contact-us\/#breadcrumb","itemListElement":[{"@type":"ListItem","position":1,"name":"Home","item":"https:\/\/asiacarb.com\/"},{"@type":"ListItem","position":2,"name":"Contact Us"}]},{"@type":"WebSite","@id":"https:\/\/asiacarb.com\/#website","url":"https:\/\/asiacarb.com\/","name":"Asia Carb","description":"Un nombre confiable en la industria del carb\u00f3n activado","publisher":{"@id":"https:\/\/asiacarb.com\/#organization"},"potentialAction":[{"@type":"SearchAction","target":{"@type":"EntryPoint","urlTemplate":"https:\/\/asiacarb.com\/?s={search_term_string}"},"query-input":{"@type":"PropertyValueSpecification","valueRequired":true,"valueName":"search_term_string"}}],"inLanguage":"es"},{"@type":"Organization","@id":"https:\/\/asiacarb.com\/#organization","name":"Asia Carb","url":"https:\/\/asiacarb.com\/","logo":{"@type":"ImageObject","inLanguage":"es","@id":"https:\/\/asiacarb.com\/#\/schema\/logo\/image\/","url":"https:\/\/asiacarb.com\/wp-content\/uploads\/2023\/10\/asiacarb-logo-e1696643249300.png","contentUrl":"https:\/\/asiacarb.com\/wp-content\/uploads\/2023\/10\/asiacarb-logo-e1696643249300.png","width":827,"height":239,"caption":"Asia Carb"},"image":{"@id":"https:\/\/asiacarb.com\/#\/schema\/logo\/image\/"}}]}},"_links":{"self":[{"href":"https:\/\/asiacarb.com\/es\/wp-json\/wp\/v2\/pages\/7980","targetHints":{"allow":["GET"]}}],"collection":[{"href":"https:\/\/asiacarb.com\/es\/wp-json\/wp\/v2\/pages"}],"about":[{"href":"https:\/\/asiacarb.com\/es\/wp-json\/wp\/v2\/types\/page"}],"author":[{"embeddable":true,"href":"https:\/\/asiacarb.com\/es\/wp-json\/wp\/v2\/users\/1"}],"replies":[{"embeddable":true,"href":"https:\/\/asiacarb.com\/es\/wp-json\/wp\/v2\/comments?post=7980"}],"version-history":[{"count":6,"href":"https:\/\/asiacarb.com\/es\/wp-json\/wp\/v2\/pages\/7980\/revisions"}],"predecessor-version":[{"id":10361,"href":"https:\/\/asiacarb.com\/es\/wp-json\/wp\/v2\/pages\/7980\/revisions\/10361"}],"wp:attachment":[{"href":"https:\/\/asiacarb.com\/es\/wp-json\/wp\/v2\/media?parent=7980"}],"curies":[{"name":"wp","href":"https:\/\/api.w.org\/{rel}","templated":true}]}}